{"id":116,"date":"2024-09-27T12:01:18","date_gmt":"2024-09-27T10:01:18","guid":{"rendered":"https:\/\/gov-system.de\/?page_id=116"},"modified":"2025-06-02T14:59:26","modified_gmt":"2025-06-02T12:59:26","slug":"home","status":"publish","type":"page","link":"https:\/\/agg-gefluester.de\/","title":{"rendered":"Home"},"content":{"rendered":"\t\t<div data-elementor-type=\"wp-page\" data-elementor-id=\"116\" class=\"elementor elementor-116\">\n\t\t\t\t<div class=\"elementor-element elementor-element-7c049b2c e-flex e-con-boxed e-con e-parent\" data-id=\"7c049b2c\" data-element_type=\"container\" data-e-type=\"container\">\n\t\t\t\t\t<div class=\"e-con-inner\">\n\t\t\t\t<div class=\"elementor-element elementor-element-aae465c elementor-widget elementor-widget-heading\" data-id=\"aae465c\" data-element_type=\"widget\" data-e-type=\"widget\" data-widget_type=\"heading.default\">\n\t\t\t\t<div class=\"elementor-widget-container\">\n\t\t\t\t\t<h2 class=\"elementor-heading-title elementor-size-default\">Wer wir sind\u2026<\/h2>\t\t\t\t<\/div>\n\t\t\t\t<\/div>\n\t\t\t\t<div class=\"elementor-element elementor-element-59d70a0 elementor-widget elementor-widget-spacer\" data-id=\"59d70a0\" data-element_type=\"widget\" data-e-type=\"widget\" data-widget_type=\"spacer.default\">\n\t\t\t\t<div class=\"elementor-widget-container\">\n\t\t\t\t\t\t\t<div class=\"elementor-spacer\">\n\t\t\t<div class=\"elementor-spacer-inner\"><\/div>\n\t\t<\/div>\n\t\t\t\t\t\t<\/div>\n\t\t\t\t<\/div>\n\t\t\t\t<div class=\"elementor-element elementor-element-8cfe9d6 elementor-widget elementor-widget-text-editor\" data-id=\"8cfe9d6\" data-element_type=\"widget\" data-e-type=\"widget\" data-widget_type=\"text-editor.default\">\n\t\t\t\t<div class=\"elementor-widget-container\">\n\t\t\t\t\t\t\t\t\t<p style=\"caret-color: #000000; color: #000000;\"><strong style=\"font-family: var( --e-global-typography-text-font-family ), Sans-serif; text-align: var(--text-align);\">WER WIR SIND<\/strong><br><\/p>\n<p style=\"caret-color: #000000; color: #000000;\"><strong><em>Wie kam es zur Sch\u00fclerzeitung?<br><\/em><\/strong><span style=\"font-size: revert;\">Die Idee und der Wunsch nach einer eigenen Sch\u00fclerzeitung ist schon vor einigen Jahren entstanden. Nach mehreren organisatorischen &amp; b\u00fcrokratischen Hindernissen ist es uns in diesem Schuljahr endlich gelungen, \u00fcber eine AG unser Vorhaben umzusetzen!<\/span><\/p>\n<p style=\"caret-color: #000000; color: #000000;\"><strong style=\"font-size: revert;\"><em>Was ist uns wichtig\/ Welche Ziele haben wir?<br><\/em><\/strong><span style=\"font-size: revert;\">Unsere Sch\u00fclerzeitung ist ein Sprachrohr unserer Schulgemeinschaft.<\/span><\/p>\n<p style=\"caret-color: #000000; color: #000000;\">Hier berichten wir \u00fcber die Themen, die uns Sch\u00fcler bewegen \u2013 von aktuellen Ereignissen in der Schule bis hin zu spannenden Berichten und kreativen Ideen.<\/p>\n<p style=\"caret-color: #000000; color: #000000;\">Wir sind ein engagiertes Team aus Sch\u00fclern verschiedener Jahrg\u00e4nge, das mit Begeisterung schreibt, recherchiert und gestaltet. Unser Ziel ist es, eine Zeitung zu schaffen, in der jeder seine Meinung \u00e4u\u00dfern und eigene Beitr\u00e4ge ver\u00f6ffentlichen kann. Ob Interviews, Reportagen oder Kommentare \u2013 bei uns hat jeder die M\u00f6glichkeit, sich einzubringen.<\/p>\n<p style=\"caret-color: #000000; color: #000000;\">Unsere Zeitung soll informieren, unterhalten und zum Nachdenken anregen. Wir m\u00f6chten, dass unsere Leser sich in den Artikeln wiederfinden und spannende Einblicke in das Schulleben bekommen. Dabei legen wir gro\u00dfen Wert auf sorgf\u00e4ltige Recherche, kreatives Schreiben und gute Zusammenarbeit.&nbsp;<\/p>\n<p style=\"caret-color: #000000; color: #000000;\">Zusammen mit der SV f\u00fchrt die Redaktionsleitung ausserdem den&nbsp;<a href=\"https:\/\/www.instagram.com\/agg.harsefeld\/\">offiziellen Aue-Geest-Gymnasium Instagram-Account.<\/a><\/p>\n<p><!-- \/wp:paragraph --><\/p>\t\t\t\t\t\t\t\t<\/div>\n\t\t\t\t<\/div>\n\t\t\t\t\t<\/div>\n\t\t\t\t<\/div>\n\t\t\t\t<\/div>\n\t\t","protected":false},"excerpt":{"rendered":"<p>Wer wir sind\u2026 WER WIR SIND Wie kam es zur Sch\u00fclerzeitung?Die Idee und der Wunsch nach einer eigenen Sch\u00fclerzeitung ist schon vor einigen Jahren entstanden. Nach mehreren organisatorischen &amp; b\u00fcrokratischen Hindernissen ist es uns in diesem Schuljahr endlich gelungen, \u00fcber eine AG unser Vorhaben umzusetzen! Was ist uns wichtig\/ Welche Ziele haben wir?Unsere Sch\u00fclerzeitung ist [&hellip;]<\/p>\n","protected":false},"author":10,"featured_media":0,"parent":0,"menu_order":0,"comment_status":"closed","ping_status":"closed","template":"","meta":{"footnotes":""},"class_list":["post-116","page","type-page","status-publish","hentry"],"_links":{"self":[{"href":"https:\/\/agg-gefluester.de\/index.php?rest_route=\/wp\/v2\/pages\/116","targetHints":{"allow":["GET"]}}],"collection":[{"href":"https:\/\/agg-gefluester.de\/index.php?rest_route=\/wp\/v2\/pages"}],"about":[{"href":"https:\/\/agg-gefluester.de\/index.php?rest_route=\/wp\/v2\/types\/page"}],"author":[{"embeddable":true,"href":"https:\/\/agg-gefluester.de\/index.php?rest_route=\/wp\/v2\/users\/10"}],"replies":[{"embeddable":true,"href":"https:\/\/agg-gefluester.de\/index.php?rest_route=%2Fwp%2Fv2%2Fcomments&post=116"}],"version-history":[{"count":6,"href":"https:\/\/agg-gefluester.de\/index.php?rest_route=\/wp\/v2\/pages\/116\/revisions"}],"predecessor-version":[{"id":964,"href":"https:\/\/agg-gefluester.de\/index.php?rest_route=\/wp\/v2\/pages\/116\/revisions\/964"}],"wp:attachment":[{"href":"https:\/\/agg-gefluester.de\/index.php?rest_route=%2Fwp%2Fv2%2Fmedia&parent=116"}],"curies":[{"name":"wp","href":"https:\/\/api.w.org\/{rel}","templated":true}]}}