{"id":338,"date":"2024-11-27T12:24:05","date_gmt":"2024-11-27T11:24:05","guid":{"rendered":"https:\/\/gov-system.de\/?page_id=338"},"modified":"2024-11-27T12:24:05","modified_gmt":"2024-11-27T11:24:05","slug":"ansprechpersonen","status":"publish","type":"page","link":"https:\/\/agg-gefluester.de\/?page_id=338","title":{"rendered":"Kontakt"},"content":{"rendered":"\t\t<div data-elementor-type=\"wp-page\" data-elementor-id=\"338\" class=\"elementor elementor-338\">\n\t\t\t\t<div class=\"elementor-element elementor-element-c4dce02 e-flex e-con-boxed e-con e-parent\" data-id=\"c4dce02\" data-element_type=\"container\" data-e-type=\"container\">\n\t\t\t\t\t<div class=\"e-con-inner\">\n\t\t\t\t<div class=\"elementor-element elementor-element-53885e6 elementor-widget elementor-widget-heading\" data-id=\"53885e6\" data-element_type=\"widget\" data-e-type=\"widget\" data-widget_type=\"heading.default\">\n\t\t\t\t<div class=\"elementor-widget-container\">\n\t\t\t\t\t<h2 class=\"elementor-heading-title elementor-size-default\">Kontakte der Sch\u00fclerzeitung<\/h2>\t\t\t\t<\/div>\n\t\t\t\t<\/div>\n\t\t\t\t\t<\/div>\n\t\t\t\t<\/div>\n\t\t<div class=\"elementor-element elementor-element-0f6f814 e-flex e-con-boxed e-con e-parent\" data-id=\"0f6f814\" data-element_type=\"container\" data-e-type=\"container\">\n\t\t\t\t\t<div class=\"e-con-inner\">\n\t\t\t\t<div class=\"elementor-element elementor-element-de84220 elementor-widget elementor-widget-spacer\" data-id=\"de84220\" data-element_type=\"widget\" data-e-type=\"widget\" data-widget_type=\"spacer.default\">\n\t\t\t\t<div class=\"elementor-widget-container\">\n\t\t\t\t\t\t\t<div class=\"elementor-spacer\">\n\t\t\t<div class=\"elementor-spacer-inner\"><\/div>\n\t\t<\/div>\n\t\t\t\t\t\t<\/div>\n\t\t\t\t<\/div>\n\t\t\t\t<div class=\"elementor-element elementor-element-3ff36e1 elementor-widget elementor-widget-link-in-bio\" data-id=\"3ff36e1\" data-element_type=\"widget\" data-e-type=\"widget\" data-widget_type=\"link-in-bio.default\">\n\t\t\t\t<div class=\"elementor-widget-container\">\n\t\t\t\t\t\t\t<div class=\"e-link-in-bio e-link-in-bio\">\n\t\t\t<div class=\"e-link-in-bio__content\">\n\n\t\t\t\t\t\t<div class=\"e-link-in-bio__identity\">\n\t\t\t\t\t\t\t\t\t<div class=\"e-link-in-bio__identity-image e-link-in-bio__identity-image-profile has-style-circle\">\n\t\t\t\t\t\t\t<img fetchpriority=\"high\" decoding=\"async\" width=\"300\" height=\"300\" src=\"https:\/\/agg-gefluester.de\/wp-content\/uploads\/2024\/10\/Ijnstgram-1-300x300.webp\" class=\"e-link-in-bio__identity-image-element\" alt=\"\" srcset=\"https:\/\/agg-gefluester.de\/wp-content\/uploads\/2024\/10\/Ijnstgram-1-300x300.webp 300w, https:\/\/agg-gefluester.de\/wp-content\/uploads\/2024\/10\/Ijnstgram-1-150x150.webp 150w, https:\/\/agg-gefluester.de\/wp-content\/uploads\/2024\/10\/Ijnstgram-1-100x100.webp 100w, https:\/\/agg-gefluester.de\/wp-content\/uploads\/2024\/10\/Ijnstgram-1-200x200.webp 200w, https:\/\/agg-gefluester.de\/wp-content\/uploads\/2024\/10\/Ijnstgram-1-400x400.webp 400w, https:\/\/agg-gefluester.de\/wp-content\/uploads\/2024\/10\/Ijnstgram-1.webp 500w\" sizes=\"(max-width: 300px) 100vw, 300px\" \/>\t\t\t\t\t\t\t\t\t\t\t\t\t<\/div>\n\t\t\t\t\t\t\t<\/div>\n\t\t\t\t\t<div class=\"e-link-in-bio__bio\">\n\t\t\t\t<h2 class=\"e-link-in-bio__heading\">Verwaltung<\/h2>\t\t\t\t<h3 class=\"e-link-in-bio__title\">F\u00fcr Allgemeines <\/h3>\t\t\t\t\t\t\t\t\t\t\t<\/div>\n\t\t\t\t\t<div class=\"e-link-in-bio__icons has-size-small\">\n\t\t\t\t\t\t\t<div class=\"e-link-in-bio__icon is-size-small\">\n\t\t\t\t\t<a aria-label=\"Email\" class=\"e-link-in-bio__icon-link\" href=\"mailto:schuelerzeitung@gymnasium-harsefeld.de\">\n\t\t\t\t\t\t<span class=\"e-link-in-bio__icon-svg\">\n\t\t\t\t\t\t\t<svg aria-hidden=\"true\" class=\"e-font-icon-svg e-fas-envelope\" viewBox=\"0 0 512 512\" xmlns=\"http:\/\/www.w3.org\/2000\/svg\"><path d=\"M502.3 190.8c3.9-3.1 9.7-.2 9.7 4.7V400c0 26.5-21.5 48-48 48H48c-26.5 0-48-21.5-48-48V195.6c0-5 5.7-7.8 9.7-4.7 22.4 17.4 52.1 39.5 154.1 113.6 21.1 15.4 56.7 47.8 92.2 47.6 35.7.3 72-32.8 92.3-47.6 102-74.1 131.6-96.3 154-113.7zM256 320c23.2.4 56.6-29.2 73.4-41.4 132.7-96.3 142.8-104.7 173.4-128.7 5.8-4.5 9.2-11.5 9.2-18.9v-19c0-26.5-21.5-48-48-48H48C21.5 64 0 85.5 0 112v19c0 7.4 3.4 14.3 9.2 18.9 30.6 23.9 40.7 32.4 173.4 128.7 16.8 12.2 50.2 41.8 73.4 41.4z\"><\/path><\/svg>\t\t\t\t\t\t<\/span>\n\t\t\t\t\t\t\t\t\t\t\t<\/a>\n\t\t\t\t<\/div>\n\t\t\t\t\t<\/div>\n\t\t\n\t\t<div class=\"e-link-in-bio__ctas has-type-button\">\n\t\t\t\t\t\t\t<a class=\"e-link-in-bio__cta is-type-button has-corners-rounded\" href=\"mailto:schuelerzeitung@gymnasium-harsefeld.de\">\n\t\t\t\t\t\t\t\t\t\t<span class=\"e-link-in-bio__cta-text\">\n\t\t\t\t\t\tschuelerzeitung@gymnasium-harsefeld.de\t\t\t\t\t<\/span>\n\t\t\t\t<\/a>\n\t\t\t\t\t<\/div>\n\t\t\n\t\t\t<\/div>\n\t\t\t<div class=\"e-link-in-bio__bg\">\n\t\t\t\t<div class=\"e-link-in-bio__bg-overlay\"><\/div>\n\t\t\t<\/div>\n\t\t<\/div>\n\t\t\t\t\t\t<\/div>\n\t\t\t\t<\/div>\n\t\t\t\t\t<\/div>\n\t\t\t\t<\/div>\n\t\t<div class=\"elementor-element elementor-element-1ce235c e-flex e-con-boxed e-con e-parent\" data-id=\"1ce235c\" data-element_type=\"container\" data-e-type=\"container\">\n\t\t\t\t\t<div class=\"e-con-inner\">\n\t\t\t\t<div class=\"elementor-element elementor-element-3722f7f elementor-widget elementor-widget-link-in-bio\" data-id=\"3722f7f\" data-element_type=\"widget\" data-e-type=\"widget\" data-widget_type=\"link-in-bio.default\">\n\t\t\t\t<div class=\"elementor-widget-container\">\n\t\t\t\t\t\t\t<div class=\"e-link-in-bio e-link-in-bio\">\n\t\t\t<div class=\"e-link-in-bio__content\">\n\n\t\t\t\t\t\t<div class=\"e-link-in-bio__identity\">\n\t\t\t\t\t\t\t\t\t<div class=\"e-link-in-bio__identity-image e-link-in-bio__identity-image-profile has-style-circle\">\n\t\t\t\t\t\t\t<img fetchpriority=\"high\" decoding=\"async\" width=\"300\" height=\"300\" src=\"https:\/\/agg-gefluester.de\/wp-content\/uploads\/2024\/10\/Ijnstgram-1-300x300.webp\" class=\"e-link-in-bio__identity-image-element\" alt=\"\" srcset=\"https:\/\/agg-gefluester.de\/wp-content\/uploads\/2024\/10\/Ijnstgram-1-300x300.webp 300w, https:\/\/agg-gefluester.de\/wp-content\/uploads\/2024\/10\/Ijnstgram-1-150x150.webp 150w, https:\/\/agg-gefluester.de\/wp-content\/uploads\/2024\/10\/Ijnstgram-1-100x100.webp 100w, https:\/\/agg-gefluester.de\/wp-content\/uploads\/2024\/10\/Ijnstgram-1-200x200.webp 200w, https:\/\/agg-gefluester.de\/wp-content\/uploads\/2024\/10\/Ijnstgram-1-400x400.webp 400w, https:\/\/agg-gefluester.de\/wp-content\/uploads\/2024\/10\/Ijnstgram-1.webp 500w\" sizes=\"(max-width: 300px) 100vw, 300px\" \/>\t\t\t\t\t\t\t\t\t\t\t\t\t<\/div>\n\t\t\t\t\t\t\t<\/div>\n\t\t\t\t\t<div class=\"e-link-in-bio__bio\">\n\t\t\t\t<h2 class=\"e-link-in-bio__heading\">J. G\u00fclck<\/h2>\t\t\t\t<h3 class=\"e-link-in-bio__title\">AG-Lehrkraft<\/h3>\t\t\t\t\t\t\t\t\t\t\t<\/div>\n\t\t\t\t\t<div class=\"e-link-in-bio__icons has-size-small\">\n\t\t\t\t\t\t\t<div class=\"e-link-in-bio__icon is-size-small\">\n\t\t\t\t\t<a aria-label=\"Email\" class=\"e-link-in-bio__icon-link\" href=\"mailto:j.guelck@gymnasium-harsefeld.de\">\n\t\t\t\t\t\t<span class=\"e-link-in-bio__icon-svg\">\n\t\t\t\t\t\t\t<svg aria-hidden=\"true\" class=\"e-font-icon-svg e-fas-envelope\" viewBox=\"0 0 512 512\" xmlns=\"http:\/\/www.w3.org\/2000\/svg\"><path d=\"M502.3 190.8c3.9-3.1 9.7-.2 9.7 4.7V400c0 26.5-21.5 48-48 48H48c-26.5 0-48-21.5-48-48V195.6c0-5 5.7-7.8 9.7-4.7 22.4 17.4 52.1 39.5 154.1 113.6 21.1 15.4 56.7 47.8 92.2 47.6 35.7.3 72-32.8 92.3-47.6 102-74.1 131.6-96.3 154-113.7zM256 320c23.2.4 56.6-29.2 73.4-41.4 132.7-96.3 142.8-104.7 173.4-128.7 5.8-4.5 9.2-11.5 9.2-18.9v-19c0-26.5-21.5-48-48-48H48C21.5 64 0 85.5 0 112v19c0 7.4 3.4 14.3 9.2 18.9 30.6 23.9 40.7 32.4 173.4 128.7 16.8 12.2 50.2 41.8 73.4 41.4z\"><\/path><\/svg>\t\t\t\t\t\t<\/span>\n\t\t\t\t\t\t\t\t\t\t\t<\/a>\n\t\t\t\t<\/div>\n\t\t\t\t\t<\/div>\n\t\t\n\t\t<div class=\"e-link-in-bio__ctas has-type-button\">\n\t\t\t\t\t\t\t<a class=\"e-link-in-bio__cta is-type-button has-corners-rounded\" href=\"mailto:j.guelck@gymnasium-harsefeld.de\">\n\t\t\t\t\t\t\t\t\t\t<span class=\"e-link-in-bio__cta-text\">\n\t\t\t\t\t\tj.guelck@gymnasium-harsefeld.de\t\t\t\t\t<\/span>\n\t\t\t\t<\/a>\n\t\t\t\t\t<\/div>\n\t\t\n\t\t\t<\/div>\n\t\t\t<div class=\"e-link-in-bio__bg\">\n\t\t\t\t<div class=\"e-link-in-bio__bg-overlay\"><\/div>\n\t\t\t<\/div>\n\t\t<\/div>\n\t\t\t\t\t\t<\/div>\n\t\t\t\t<\/div>\n\t\t\t\t\t<\/div>\n\t\t\t\t<\/div>\n\t\t<div class=\"elementor-element elementor-element-5deec1f e-flex e-con-boxed e-con e-parent\" data-id=\"5deec1f\" data-element_type=\"container\" data-e-type=\"container\">\n\t\t\t\t\t<div class=\"e-con-inner\">\n\t\t\t\t<div class=\"elementor-element elementor-element-d59dec3 elementor-widget elementor-widget-link-in-bio\" data-id=\"d59dec3\" data-element_type=\"widget\" data-e-type=\"widget\" data-widget_type=\"link-in-bio.default\">\n\t\t\t\t<div class=\"elementor-widget-container\">\n\t\t\t\t\t\t\t<div class=\"e-link-in-bio e-link-in-bio\">\n\t\t\t<div class=\"e-link-in-bio__content\">\n\n\t\t\t\t\t\t<div class=\"e-link-in-bio__identity\">\n\t\t\t\t\t\t\t\t\t<div class=\"e-link-in-bio__identity-image e-link-in-bio__identity-image-profile has-style-circle\">\n\t\t\t\t\t\t\t<img fetchpriority=\"high\" decoding=\"async\" width=\"300\" height=\"300\" src=\"https:\/\/agg-gefluester.de\/wp-content\/uploads\/2024\/10\/Ijnstgram-1-300x300.webp\" class=\"e-link-in-bio__identity-image-element\" alt=\"\" srcset=\"https:\/\/agg-gefluester.de\/wp-content\/uploads\/2024\/10\/Ijnstgram-1-300x300.webp 300w, https:\/\/agg-gefluester.de\/wp-content\/uploads\/2024\/10\/Ijnstgram-1-150x150.webp 150w, https:\/\/agg-gefluester.de\/wp-content\/uploads\/2024\/10\/Ijnstgram-1-100x100.webp 100w, https:\/\/agg-gefluester.de\/wp-content\/uploads\/2024\/10\/Ijnstgram-1-200x200.webp 200w, https:\/\/agg-gefluester.de\/wp-content\/uploads\/2024\/10\/Ijnstgram-1-400x400.webp 400w, https:\/\/agg-gefluester.de\/wp-content\/uploads\/2024\/10\/Ijnstgram-1.webp 500w\" sizes=\"(max-width: 300px) 100vw, 300px\" \/>\t\t\t\t\t\t\t\t\t\t\t\t\t<\/div>\n\t\t\t\t\t\t\t<\/div>\n\t\t\t\t\t<div class=\"e-link-in-bio__bio\">\n\t\t\t\t<h2 class=\"e-link-in-bio__heading\">Liam Eichholtz<\/h2>\t\t\t\t<h3 class=\"e-link-in-bio__title\">Redaktionsleitung, \u00d6ffentlichkeitsarbeit (Instagram)<\/h3>\t\t\t\t\t\t\t\t\t\t\t<\/div>\n\t\t\t\t\t<div class=\"e-link-in-bio__icons has-size-small\">\n\t\t\t\t\t\t\t<div class=\"e-link-in-bio__icon is-size-small\">\n\t\t\t\t\t<a aria-label=\"Email\" class=\"e-link-in-bio__icon-link\" href=\"mailto:liamal.eichhol@gymnasium-harsefeld.de\">\n\t\t\t\t\t\t<span class=\"e-link-in-bio__icon-svg\">\n\t\t\t\t\t\t\t<svg aria-hidden=\"true\" class=\"e-font-icon-svg e-fas-envelope\" viewBox=\"0 0 512 512\" xmlns=\"http:\/\/www.w3.org\/2000\/svg\"><path d=\"M502.3 190.8c3.9-3.1 9.7-.2 9.7 4.7V400c0 26.5-21.5 48-48 48H48c-26.5 0-48-21.5-48-48V195.6c0-5 5.7-7.8 9.7-4.7 22.4 17.4 52.1 39.5 154.1 113.6 21.1 15.4 56.7 47.8 92.2 47.6 35.7.3 72-32.8 92.3-47.6 102-74.1 131.6-96.3 154-113.7zM256 320c23.2.4 56.6-29.2 73.4-41.4 132.7-96.3 142.8-104.7 173.4-128.7 5.8-4.5 9.2-11.5 9.2-18.9v-19c0-26.5-21.5-48-48-48H48C21.5 64 0 85.5 0 112v19c0 7.4 3.4 14.3 9.2 18.9 30.6 23.9 40.7 32.4 173.4 128.7 16.8 12.2 50.2 41.8 73.4 41.4z\"><\/path><\/svg>\t\t\t\t\t\t<\/span>\n\t\t\t\t\t\t\t\t\t\t\t<\/a>\n\t\t\t\t<\/div>\n\t\t\t\t\t<\/div>\n\t\t\n\t\t<div class=\"e-link-in-bio__ctas has-type-button\">\n\t\t\t\t\t\t\t<a class=\"e-link-in-bio__cta is-type-button has-corners-rounded\" href=\"mailto:liamal.eichhol@gymnasium-harsefeld.de\">\n\t\t\t\t\t\t\t\t\t\t<span class=\"e-link-in-bio__cta-text\">\n\t\t\t\t\t\tliamal.eichhol@gymnasium-harsefeld.de\t\t\t\t\t<\/span>\n\t\t\t\t<\/a>\n\t\t\t\t\t<\/div>\n\t\t\n\t\t\t<\/div>\n\t\t\t<div class=\"e-link-in-bio__bg\">\n\t\t\t\t<div class=\"e-link-in-bio__bg-overlay\"><\/div>\n\t\t\t<\/div>\n\t\t<\/div>\n\t\t\t\t\t\t<\/div>\n\t\t\t\t<\/div>\n\t\t\t\t\t<\/div>\n\t\t\t\t<\/div>\n\t\t<div class=\"elementor-element elementor-element-815ae9e e-flex e-con-boxed e-con e-parent\" data-id=\"815ae9e\" data-element_type=\"container\" data-e-type=\"container\">\n\t\t\t\t\t<div class=\"e-con-inner\">\n\t\t\t\t<div class=\"elementor-element elementor-element-71e1a57 elementor-widget elementor-widget-link-in-bio\" data-id=\"71e1a57\" data-element_type=\"widget\" data-e-type=\"widget\" data-widget_type=\"link-in-bio.default\">\n\t\t\t\t<div class=\"elementor-widget-container\">\n\t\t\t\t\t\t\t<div class=\"e-link-in-bio e-link-in-bio\">\n\t\t\t<div class=\"e-link-in-bio__content\">\n\n\t\t\t\t\t\t<div class=\"e-link-in-bio__identity\">\n\t\t\t\t\t\t\t\t\t<div class=\"e-link-in-bio__identity-image e-link-in-bio__identity-image-profile has-style-circle\">\n\t\t\t\t\t\t\t<img fetchpriority=\"high\" decoding=\"async\" width=\"300\" height=\"300\" src=\"https:\/\/agg-gefluester.de\/wp-content\/uploads\/2024\/10\/Ijnstgram-1-300x300.webp\" class=\"e-link-in-bio__identity-image-element\" alt=\"\" srcset=\"https:\/\/agg-gefluester.de\/wp-content\/uploads\/2024\/10\/Ijnstgram-1-300x300.webp 300w, https:\/\/agg-gefluester.de\/wp-content\/uploads\/2024\/10\/Ijnstgram-1-150x150.webp 150w, https:\/\/agg-gefluester.de\/wp-content\/uploads\/2024\/10\/Ijnstgram-1-100x100.webp 100w, https:\/\/agg-gefluester.de\/wp-content\/uploads\/2024\/10\/Ijnstgram-1-200x200.webp 200w, https:\/\/agg-gefluester.de\/wp-content\/uploads\/2024\/10\/Ijnstgram-1-400x400.webp 400w, https:\/\/agg-gefluester.de\/wp-content\/uploads\/2024\/10\/Ijnstgram-1.webp 500w\" sizes=\"(max-width: 300px) 100vw, 300px\" \/>\t\t\t\t\t\t\t\t\t\t\t\t\t<\/div>\n\t\t\t\t\t\t\t<\/div>\n\t\t\t\t\t<div class=\"e-link-in-bio__bio\">\n\t\t\t\t<h2 class=\"e-link-in-bio__heading\">Finn Plaga<\/h2>\t\t\t\t<h3 class=\"e-link-in-bio__title\">IT, \u00d6ffentlichkeitsarbeit (Instagram)<\/h3>\t\t\t\t\t\t\t\t\t\t\t<\/div>\n\t\t\t\t\t<div class=\"e-link-in-bio__icons has-size-small\">\n\t\t\t\t\t\t\t<div class=\"e-link-in-bio__icon is-size-small\">\n\t\t\t\t\t<a aria-label=\"Email\" class=\"e-link-in-bio__icon-link\" href=\"mailto:finn.plaga@gymnasium-harsefeld.de\">\n\t\t\t\t\t\t<span class=\"e-link-in-bio__icon-svg\">\n\t\t\t\t\t\t\t<svg aria-hidden=\"true\" class=\"e-font-icon-svg e-fas-envelope\" viewBox=\"0 0 512 512\" xmlns=\"http:\/\/www.w3.org\/2000\/svg\"><path d=\"M502.3 190.8c3.9-3.1 9.7-.2 9.7 4.7V400c0 26.5-21.5 48-48 48H48c-26.5 0-48-21.5-48-48V195.6c0-5 5.7-7.8 9.7-4.7 22.4 17.4 52.1 39.5 154.1 113.6 21.1 15.4 56.7 47.8 92.2 47.6 35.7.3 72-32.8 92.3-47.6 102-74.1 131.6-96.3 154-113.7zM256 320c23.2.4 56.6-29.2 73.4-41.4 132.7-96.3 142.8-104.7 173.4-128.7 5.8-4.5 9.2-11.5 9.2-18.9v-19c0-26.5-21.5-48-48-48H48C21.5 64 0 85.5 0 112v19c0 7.4 3.4 14.3 9.2 18.9 30.6 23.9 40.7 32.4 173.4 128.7 16.8 12.2 50.2 41.8 73.4 41.4z\"><\/path><\/svg>\t\t\t\t\t\t<\/span>\n\t\t\t\t\t\t\t\t\t\t\t<\/a>\n\t\t\t\t<\/div>\n\t\t\t\t\t<\/div>\n\t\t\n\t\t<div class=\"e-link-in-bio__ctas has-type-button\">\n\t\t\t\t\t\t\t<a class=\"e-link-in-bio__cta is-type-button has-corners-rounded\" href=\"mailto:finn.plaga@gymnasium-harsefeld.de\">\n\t\t\t\t\t\t\t\t\t\t<span class=\"e-link-in-bio__cta-text\">\n\t\t\t\t\t\tfinn.plaga@gymnasium-harsefeld.de\t\t\t\t\t<\/span>\n\t\t\t\t<\/a>\n\t\t\t\t\t<\/div>\n\t\t\n\t\t\t<\/div>\n\t\t\t<div class=\"e-link-in-bio__bg\">\n\t\t\t\t<div class=\"e-link-in-bio__bg-overlay\"><\/div>\n\t\t\t<\/div>\n\t\t<\/div>\n\t\t\t\t\t\t<\/div>\n\t\t\t\t<\/div>\n\t\t\t\t\t<\/div>\n\t\t\t\t<\/div>\n\t\t\t\t<\/div>\n\t\t","protected":false},"excerpt":{"rendered":"<p>Kontakte der Sch\u00fclerzeitung Verwaltung F\u00fcr Allgemeines schuelerzeitung@gymnasium-harsefeld.de J. G\u00fclck AG-Lehrkraft j.guelck@gymnasium-harsefeld.de Liam Eichholtz Redaktionsleitung, \u00d6ffentlichkeitsarbeit (Instagram) liamal.eichhol@gymnasium-harsefeld.de Finn Plaga IT, \u00d6ffentlichkeitsarbeit (Instagram) finn.plaga@gymnasium-harsefeld.de<\/p>\n","protected":false},"author":10,"featured_media":0,"parent":15,"menu_order":1,"comment_status":"closed","ping_status":"closed","template":"","meta":{"footnotes":""},"class_list":["post-338","page","type-page","status-publish","hentry"],"_links":{"self":[{"href":"https:\/\/agg-gefluester.de\/index.php?rest_route=\/wp\/v2\/pages\/338","targetHints":{"allow":["GET"]}}],"collection":[{"href":"https:\/\/agg-gefluester.de\/index.php?rest_route=\/wp\/v2\/pages"}],"about":[{"href":"https:\/\/agg-gefluester.de\/index.php?rest_route=\/wp\/v2\/types\/page"}],"author":[{"embeddable":true,"href":"https:\/\/agg-gefluester.de\/index.php?rest_route=\/wp\/v2\/users\/10"}],"replies":[{"embeddable":true,"href":"https:\/\/agg-gefluester.de\/index.php?rest_route=%2Fwp%2Fv2%2Fcomments&post=338"}],"version-history":[{"count":0,"href":"https:\/\/agg-gefluester.de\/index.php?rest_route=\/wp\/v2\/pages\/338\/revisions"}],"up":[{"embeddable":true,"href":"https:\/\/agg-gefluester.de\/index.php?rest_route=\/wp\/v2\/pages\/15"}],"wp:attachment":[{"href":"https:\/\/agg-gefluester.de\/index.php?rest_route=%2Fwp%2Fv2%2Fmedia&parent=338"}],"curies":[{"name":"wp","href":"https:\/\/api.w.org\/{rel}","templated":true}]}}